{"id":4838,"date":"2023-06-15T17:54:15","date_gmt":"2023-06-15T17:54:15","guid":{"rendered":"https:\/\/www.krajinatvojiduse.cz\/kontakt\/"},"modified":"2025-02-11T16:57:53","modified_gmt":"2025-02-11T16:57:53","slug":"contact","status":"publish","type":"page","link":"https:\/\/www.krajinatvojiduse.cz\/en\/contact\/","title":{"rendered":"Contact"},"content":{"rendered":"<div>Interested in more information?<\/div>\n<h1>Contact me<\/h1>\n<div>\n<p>Sign up for MBSR courses using the form.<\/p>\n<p>Are you interested in MBSR courses, company mindfulness courses, a lecture or a personal consultation? Feel free to contact me and I will be happy to provide you with more information about services tailored to your needs. I look forward to hearing from you!<\/p>\n<\/div>\n<ul>\n<li>\n<p>        <img decoding=\"async\" src=\"\/wp-content\/uploads\/2024\/09\/Lokace_1.png\" alt=\"\"><\/p>\n<h2>Where we can meet<\/h2>\n<div>\n<p>Prague<\/p>\n<\/div>\n<\/li>\n<li>\n<p>        <img decoding=\"async\" src=\"\/wp-content\/uploads\/2024\/09\/Malito.png\" alt=\"\"><\/p>\n<h2>Contact<\/h2>\n<div>\n<p><a href=\"callto:+ 601 086 879\">+ 601 086 879\u00a0<\/a><br \/><a href=\"mailto:info@krajinatvojiduse.cz\">info@krajinatvojiduse.cz<\/a><\/p>\n<\/div>\n<\/li>\n<\/ul>\n<div>\n\n<div class=\"wpcf7 no-js\" id=\"wpcf7-f5328-o1\" lang=\"en-US\" dir=\"ltr\" data-wpcf7-id=\"5328\">\n<div class=\"screen-reader-response\"><p role=\"status\" aria-live=\"polite\" aria-atomic=\"true\"><\/p> <ul><\/ul><\/div>\n<form action=\"\/en\/wp-json\/wp\/v2\/pages\/4838#wpcf7-f5328-o1\" method=\"post\" class=\"wpcf7-form init\" aria-label=\"Contact form\" novalidate=\"novalidate\" data-status=\"init\">\n<fieldset class=\"hidden-fields-container\"><input type=\"hidden\" name=\"_wpcf7\" value=\"5328\" \/><input type=\"hidden\" name=\"_wpcf7_version\" value=\"6.1.4\" \/><input type=\"hidden\" name=\"_wpcf7_locale\" value=\"en_US\" \/><input type=\"hidden\" name=\"_wpcf7_unit_tag\" value=\"wpcf7-f5328-o1\" \/><input type=\"hidden\" name=\"_wpcf7_container_post\" value=\"0\" \/><input type=\"hidden\" name=\"_wpcf7_posted_data_hash\" value=\"\" \/><input type=\"hidden\" name=\"_wpcf7_recaptcha_response\" value=\"\" \/>\n<\/fieldset>\n<p><label> Your name<br \/>\n<span class=\"wpcf7-form-control-wrap\" data-name=\"your-name\"><input size=\"40\" maxlength=\"400\" class=\"wpcf7-form-control wpcf7-text wpcf7-validates-as-required\" autocomplete=\"name\" aria-required=\"true\" aria-invalid=\"false\" value=\"\" type=\"text\" name=\"your-name\" \/><\/span> <\/label>\n<\/p>\n<p><label> Your Email<br \/>\n<span class=\"wpcf7-form-control-wrap\" data-name=\"email1\"><input size=\"40\" maxlength=\"400\" class=\"wpcf7-form-control wpcf7-email wpcf7-validates-as-required wpcf7-text wpcf7-validates-as-email\" autocomplete=\"email\" aria-required=\"true\" aria-invalid=\"false\" value=\"\" type=\"email\" name=\"email1\" \/><\/span> <\/label>\n<\/p>\n<p><label> Phone<br \/>\n<span class=\"wpcf7-form-control-wrap\" data-name=\"tel-946\"><input size=\"40\" maxlength=\"400\" class=\"wpcf7-form-control wpcf7-tel wpcf7-validates-as-required wpcf7-text wpcf7-validates-as-tel\" aria-required=\"true\" aria-invalid=\"false\" value=\"\" type=\"tel\" name=\"tel-946\" \/><\/span> <\/label>\n<\/p>\n<p><label> Your Message<br \/>\n<span class=\"wpcf7-form-control-wrap\" data-name=\"your-message\"><textarea cols=\"40\" rows=\"10\" maxlength=\"2000\" class=\"wpcf7-form-control wpcf7-textarea\" aria-invalid=\"false\" name=\"your-message\"><\/textarea><\/span> <\/label>\n<\/p>\n<p><div class=\"dscf7-captcha-container\"><input name=\"dscf7_hidden_val1-dscf7captcha-667\" id=\"dscf7_hidden_val1-dscf7captcha-667\" type=\"hidden\" value=\"7\" \/><input name=\"dscf7_hidden_val2-dscf7captcha-667\" id=\"dscf7_hidden_val2-dscf7captcha-667\" type=\"hidden\" value=\"3\" \/><input name=\"dscf7_hidden_action-dscf7captcha-667\" id=\"dscf7_hidden_action-dscf7captcha-667\" type=\"hidden\" value=\"x\" \/><div class=\"dscf7-question-container\"><span class=\"dscf7_lt\">What is 3 x 7 ? <a href=\"javascript:void(0)\" id=\"dscf7captcha-667\" class=\"dscf7_refresh_captcha\" aria-label=\"Refresh captcha\"><img decoding=\"async\" class=\"dscf7_captcha_icon\" src=\"http:\/\/www.krajinatvojiduse.cz\/wp-content\/plugins\/ds-cf7-math-captcha\/assets\/img\/icons8-refresh-30.png\" alt=\"Refresh icon\"\/><img decoding=\"async\" class=\"dscf7_captcha_reload_icon\" src=\"http:\/\/www.krajinatvojiduse.cz\/wp-content\/plugins\/ds-cf7-math-captcha\/assets\/img\/446bcd468478f5bfb7b4e5c804571392_w200.gif\" alt=\"Refreshing captcha\" style=\"display:none; width:30px\" \/><\/a><\/span><\/div><div class=\"dscf7-answer-container\"><label for=\"dscf7captcha-667-input\" class=\"screen-reader-text\">Answer for 3 x 7<\/label><span class=\"wpcf7-form-control-wrap\" data-name=\"dscf7captcha-667\"><input type=\"text\" id=\"dscf7captcha-667-input\" aria-label=\"Answer for 3 x 7\" aria-invalid=\"false\" aria-required=\"true\" class=\"wpcf7-form-control wpcf7-text wpcf7-validates-as-required\" size=\"5\" value=\"\" name=\"dscf7captcha-667\" placeholder=\"Type your answer\" style=\"\" oninput=\"this.value = this.value.replace(\/[^0-9.]\/g, '').replace(\/(\\..*)\\.\/g, '$1');\"><\/span><input type=\"hidden\" name=\"ds_cf7_nonce\" value=\"778bd010d5\"><\/div><\/div>\n<\/p>\n<p><input class=\"wpcf7-form-control wpcf7-submit has-spinner uk-button uk-button-primary uk-align-right\" type=\"submit\" value=\"Send\" \/>\n<\/p><div class=\"wpcf7-response-output\" aria-hidden=\"true\"><\/div>\n<\/form>\n<\/div>\n\n<\/div>\n<h3>What else can you sign up for?<\/h3>\n<hr>\n<ul>\n<li>\n<p>        <img decoding=\"async\" src=\"\/wp-content\/uploads\/2024\/05\/WhatsApp-Image-2024-03-22-at-18.22.47-1.jpeg\" alt=\"\"><\/p>\n<h3>8-week MBSR course<\/h3>\n<p>\u0160\u00e1rka Ka\u0161parov\u00e1 (Prostor 8, 19. 2. \u2013 9. 4. 2025)<\/p>\n<p><a href=\"https:\/\/www.krajinatvojiduse.cz\/en\/courses-mbsr\/\">More about course<\/a><\/p>\n<\/li>\n<li>\n<p>        <img decoding=\"async\" src=\"\/wp-content\/uploads\/2024\/09\/Snimek-obrazovky-2024-09-18-v-0.41.34.png\" alt=\"\"><\/p>\n<h3>Mindfulness five-day silent retreat<\/h3>\n<p>\u0160imon Grimmich and \u0160\u00e1rka Ka\u0161parov\u00e1 (Tun\u011bchodsk\u00fd ml\u00fdn February 19 \u2013 February 23, 2025)<\/p>\n<p><a href=\"https:\/\/www.krajinatvojiduse.cz\/en\/mindfulness-five-day-silent-retreat\/\">More about retreat<\/a><\/p>\n<\/li>\n<li>\n<p>        <img decoding=\"async\" src=\"\/wp-content\/uploads\/2024\/12\/AR_vikend-56-scaled.jpg\" alt=\"\"><\/p>\n<h3>Online 8-week MBSR course<\/h3>\n<p>\u0160\u00e1rka Ka\u0161parov\u00e1 (Online, 17. 2. \u2013 7. 4. 2025)<\/p>\n<p><a href=\"https:\/\/www.krajinatvojiduse.cz\/en\/online-courses-mbsr\/\">More about course<\/a><\/p>\n<\/li>\n<li>\n<p>        <img decoding=\"async\" src=\"\/wp-content\/uploads\/2024\/09\/WhatsApp-Image-2024-06-28-at-22.57.44.jpeg\" alt=\"\"><\/p>\n<h3>8-week MBSR course (conducted in English)<\/h3>\n<p>\u0160imon Grimmich and \u0160\u00e1rka Ka\u0161parov\u00e1 (Avati, February 27 \u2013 April 24, 2025)<\/p>\n<p><a href=\"https:\/\/www.krajinatvojiduse.cz\/en\/courses-mbsr-aj\/\">More about course<\/a><\/p>\n<\/li>\n<li>\n<p>        <img decoding=\"async\" src=\"\/wp-content\/uploads\/2024\/12\/WhatsApp-Image-2024-05-05-at-13.26.45.jpeg\" alt=\"\"><\/p>\n<h3>Mindfulness weekly silent retreat<\/h3>\n<p>\u0160imon Grimmich and \u0160\u00e1rka Ka\u0161parov\u00e1 (Tun\u011bchodsk\u00fd ml\u00fdn June 22 \u2013 June 26, 2025)<\/p>\n<p><a href=\"https:\/\/www.krajinatvojiduse.cz\/en\/mindfulness-weekly-retreat\/\">More about retreat<\/a><\/p>\n<\/li>\n<li>\n<p>        <img decoding=\"async\" src=\"\/wp-content\/uploads\/2024\/09\/Snimek-obrazovky-2024-09-18-v-0.41.34.png\" alt=\"\"><\/p>\n<h3>Embodiment and mindfulness: Harmony of body and mind<\/h3>\n<p>\u0160imon Grimmich and \u0160\u00e1rka Ka\u0161parov\u00e1 (Tun\u011bchodsk\u00fd ml\u00fdn August 10 \u2013 August 16, 2025)<\/p>\n<p><a href=\"https:\/\/www.krajinatvojiduse.cz\/en\/embodiment-and-meditation-harmony-of-body-and-soul\/\">More about reatreat<\/a><\/p>\n<\/li>\n<\/ul>\n<div>\n<h2>Are you interested in an individual approach?<\/h2>\n<p>Personal consultation<\/p>\n<div>\n<p>A personal mindfulness consultation offers an individual approach to finding inner peace and balance. Together we will focus on techniques to help you manage stress, improve focus and deepen your awareness in everyday life.<\/p>\n<\/div>\n<p><a href=\"mailto:info@krajinatvojiduse.cz\">Contact me<\/a><\/p>\n<\/div>\n<p><img decoding=\"async\" src=\"\/wp-content\/uploads\/home-shape-04.svg\" alt=\"\"><\/p>\n<p><!--more--><br \/>\n<!-- {\"type\":\"layout\",\"children\":[{\"type\":\"section\",\"props\":{\"image_position\":\"center-center\",\"style\":\"default\",\"title_breakpoint\":\"xl\",\"title_position\":\"top-left\",\"title_rotation\":\"left\",\"vertical_align\":\"\",\"width\":\"\"},\"children\":[{\"type\":\"row\",\"children\":[{\"type\":\"column\",\"props\":{\"image_position\":\"center-center\",\"position_sticky_breakpoint\":\"m\",\"width_medium\":\"1-2\"},\"children\":[{\"type\":\"headline\",\"props\":{\"content\":\"Interested in more information?\",\"text_align\":\"center\",\"title_color\":\"primary\",\"title_element\":\"div\",\"title_style\":\"h6\"}},{\"type\":\"headline\",\"props\":{\"content\":\"Contact me\",\"margin\":\"remove-vertical\",\"text_align\":\"center\",\"title_element\":\"h1\"}},{\"type\":\"text\",\"props\":{\"block_align\":\"center\",\"column_breakpoint\":\"m\",\"content\":\"\n\n<p>Sign up for MBSR courses using the form.<\\\/p>\\n\n\n<p>Are you interested in MBSR courses, company mindfulness courses, a lecture or a personal consultation? Feel free to contact me and I will be happy to provide you with more information about services tailored to your needs. I look forward to hearing from you!<\\\/p>\",\"margin\":\"default\",\"maxwidth\":\"xlarge\",\"text_align\":\"left\",\"text_style\":\"large\"}},{\"type\":\"grid\",\"props\":{\"content_column_breakpoint\":\"m\",\"filter_align\":\"left\",\"filter_all\":true,\"filter_grid_breakpoint\":\"m\",\"filter_grid_width\":\"auto\",\"filter_position\":\"top\",\"filter_style\":\"tab\",\"grid_default\":\"1\",\"grid_medium\":\"\",\"icon_width\":80,\"image_align\":\"left\",\"image_grid_breakpoint\":\"s\",\"image_grid_column_gap\":\"small\",\"image_grid_row_gap\":\"small\",\"image_grid_width\":\"auto\",\"image_loading\":true,\"image_svg_color\":\"emphasis\",\"image_svg_inline\":true,\"image_width\":\"100\",\"item_animation\":true,\"lightbox_bg_close\":true,\"link_size\":\"small\",\"link_style\":\"default\",\"link_text\":\"Read more\",\"margin\":\"large\",\"meta_align\":\"below-title\",\"meta_element\":\"div\",\"meta_style\":\"text-meta\",\"parallax_easing\":\"1\",\"show_content\":true,\"show_hover_image\":true,\"show_hover_video\":true,\"show_image\":true,\"show_link\":true,\"show_meta\":true,\"show_title\":true,\"show_video\":true,\"text_align\":\"left\",\"text_align_breakpoint\":\"s\",\"text_align_fallback\":\"center\",\"title_align\":\"top\",\"title_element\":\"h2\",\"title_grid_breakpoint\":\"m\",\"title_grid_width\":\"1-2\",\"title_hover_style\":\"reset\",\"title_style\":\"h3\"},\"children\":[{\"type\":\"grid_item\",\"props\":{\"content\":\"\n\n<p>Prague<\\\/p>\",\"image\":\"wp-content\\\/uploads\\\/2024\\\/09\\\/Lokace_1.png\",\"title\":\"Where we can meet\"}},{\"type\":\"grid_item\",\"props\":{\"content\":\"\n\n<p><a href=\\\"callto:+ 601 086 879\\\">+ 601 086 879\\u00a0<\\\/a><br \\\/><a href=\\\"mailto:info@krajinatvojiduse.cz\\\">info@krajinatvojiduse.cz<\\\/a><\\\/p>\",\"image\":\"wp-content\\\/uploads\\\/2024\\\/09\\\/Malito.png\",\"title\":\"Contact\"}}]}]},{\"type\":\"column\",\"props\":{\"image_position\":\"center-center\",\"position_sticky_breakpoint\":\"m\",\"style\":\"card-secondary\",\"width_medium\":\"1-2\"},\"children\":[{\"type\":\"text\",\"props\":{\"column_breakpoint\":\"m\",\"content\":\"\n\n<p>[contact-form-7 id=\\\"063ccd4\\\" title=\\\"Kontaktn\\u00ed formul\\u00e1\\u0159 EN\\\"]<\\\/p>\",\"margin\":\"default\"}}]}],\"props\":{\"column_gap\":\"collapse\",\"layout\":\"1-2,1-2\",\"margin\":\"large\",\"margin_remove_top\":true,\"row_gap\":\"collapse\",\"width\":\"large\"}}],\"name\":\"Contact\"},{\"type\":\"section\",\"props\":{\"image_position\":\"center-center\",\"style\":\"default\",\"title_breakpoint\":\"xl\",\"title_position\":\"top-left\",\"title_rotation\":\"left\",\"vertical_align\":\"middle\",\"width\":\"default\"},\"children\":[{\"type\":\"row\",\"children\":[{\"type\":\"column\",\"props\":{\"image_position\":\"center-center\",\"position_sticky_breakpoint\":\"m\"},\"children\":[{\"type\":\"headline\",\"props\":{\"content\":\"What else can you sign up for?\",\"text_align\":\"left\",\"title_element\":\"h3\"}},{\"type\":\"divider\",\"props\":{\"divider_element\":\"hr\"}},{\"name\":\"Panel Slider Card Default\",\"type\":\"panel-slider\",\"children\":[{\"type\":\"panel-slider_item\",\"props\":{\"image\":\"wp-content\\\/uploads\\\/2024\\\/05\\\/WhatsApp-Image-2024-03-22-at-18.22.47-1.jpeg\",\"link\":\"en\\\/courses-mbsr\\\/\",\"link_text\":\"More about course\",\"meta\":\"\\u0160\\u00e1rka Ka\\u0161parov\\u00e1 (Prostor 8, 19. 2. \\u2013 9. 4. 2025)\",\"title\":\"8-week MBSR course\"}},{\"type\":\"panel-slider_item\",\"props\":{\"image\":\"wp-content\\\/uploads\\\/2024\\\/09\\\/Snimek-obrazovky-2024-09-18-v-0.41.34.png\",\"link\":\"en\\\/mindfulness-five-day-silent-retreat\\\/\",\"link_text\":\"More about retreat\",\"meta\":\"\\u0160imon Grimmich and \\u0160\\u00e1rka Ka\\u0161parov\\u00e1 (Tun\\u011bchodsk\\u00fd ml\\u00fdn February 19 \\u2013 February 23, 2025)\",\"title\":\"Mindfulness five-day silent retreat\"}},{\"type\":\"panel-slider_item\",\"props\":{\"image\":\"wp-content\\\/uploads\\\/2024\\\/12\\\/AR_vikend-56-scaled.jpg\",\"link\":\"en\\\/online-courses-mbsr\\\/\",\"link_text\":\"More about course\",\"meta\":\"\\u0160\\u00e1rka Ka\\u0161parov\\u00e1 (Online, 17. 2. \\u2013 7. 4. 2025)\",\"title\":\"Online 8-week MBSR course\"}},{\"type\":\"panel-slider_item\",\"props\":{\"image\":\"wp-content\\\/uploads\\\/2024\\\/09\\\/WhatsApp-Image-2024-06-28-at-22.57.44.jpeg\",\"link\":\"en\\\/courses-mbsr-aj\\\/\",\"link_text\":\"More about course\",\"meta\":\"\\u0160imon Grimmich and \\u0160\\u00e1rka Ka\\u0161parov\\u00e1 (Avati, February 27 \\u2013 April 24, 2025)\",\"title\":\"8-week MBSR course (conducted in English)\"}},{\"type\":\"panel-slider_item\",\"props\":{\"image\":\"wp-content\\\/uploads\\\/2024\\\/12\\\/WhatsApp-Image-2024-05-05-at-13.26.45.jpeg\",\"link\":\"en\\\/mindfulness-weekly-retreat\\\/\",\"link_text\":\"More about retreat\",\"meta\":\"\\u0160imon Grimmich and \\u0160\\u00e1rka Ka\\u0161parov\\u00e1 (Tun\\u011bchodsk\\u00fd ml\\u00fdn June 22 \\u2013 June 26, 2025)\",\"title\":\"Mindfulness weekly silent retreat\"}},{\"type\":\"panel-slider_item\",\"props\":{\"image\":\"wp-content\\\/uploads\\\/2024\\\/09\\\/Snimek-obrazovky-2024-09-18-v-0.41.34.png\",\"link\":\"en\\\/embodiment-and-meditation-harmony-of-body-and-soul\\\/\",\"link_text\":\"More about reatreat\",\"meta\":\"\\u0160imon Grimmich and \\u0160\\u00e1rka Ka\\u0161parov\\u00e1 (Tun\\u011bchodsk\\u00fd ml\\u00fdn August 10 \\u2013 August 16, 2025)\",\"title\":\"Embodiment and mindfulness: Harmony of body and mind\"}}],\"props\":{\"container_padding_remove\":true,\"content_column_breakpoint\":\"m\",\"content_margin\":\"remove\",\"icon_width\":80,\"image_align\":\"top\",\"image_grid_breakpoint\":\"m\",\"image_grid_width\":\"1-2\",\"image_height\":\"600\",\"image_link\":true,\"image_svg_color\":\"emphasis\",\"image_transition\":\"scale-down\",\"image_width\":\"610\",\"link_size\":\"small\",\"link_style\":\"secondary\",\"link_text\":\"\",\"margin\":\"default\",\"meta_align\":\"below-title\",\"meta_element\":\"div\",\"meta_margin\":\"remove\",\"meta_style\":\"text-meta\",\"nav\":\"dotnav\",\"nav_align\":\"center\",\"nav_breakpoint\":\"\",\"nav_margin\":\"medium\",\"panel_card_offset\":true,\"panel_image_no_padding\":true,\"panel_link\":false,\"panel_match\":true,\"panel_padding\":\"small\",\"panel_style\":\"card-hover\",\"show_content\":true,\"show_hover_image\":true,\"show_hover_video\":true,\"show_image\":true,\"show_link\":true,\"show_meta\":true,\"show_title\":true,\"show_video\":true,\"slidenav\":\"\",\"slidenav_breakpoint\":\"xl\",\"slidenav_margin\":\"medium\",\"slidenav_outside_breakpoint\":\"xl\",\"slider_autoplay\":true,\"slider_autoplay_interval\":\"7\",\"slider_autoplay_pause\":true,\"slider_center\":false,\"slider_gap\":\"default\",\"slider_width\":\"fixed\",\"slider_width_default\":\"1-1\",\"slider_width_medium\":\"1-3\",\"slider_width_small\":\"1-2\",\"title_align\":\"top\",\"title_element\":\"h3\",\"title_grid_breakpoint\":\"m\",\"title_grid_width\":\"1-2\",\"title_hover_style\":\"reset\",\"title_link\":true,\"title_margin\":\"remove\",\"title_style\":\"h4\"}}]}]}],\"name\":\"Carousel_all_courses_ENG312024\"},{\"type\":\"section\",\"props\":{\"image_position\":\"center-center\",\"padding\":\"large\",\"padding_remove_top\":true,\"style\":\"default\",\"title_breakpoint\":\"xl\",\"title_position\":\"top-left\",\"title_rotation\":\"left\",\"vertical_align\":\"\",\"width\":\"\"},\"children\":[{\"type\":\"row\",\"children\":[{\"type\":\"column\",\"props\":{\"image_position\":\"center-center\",\"position_sticky_breakpoint\":\"m\",\"width_medium\":\"2-5\"},\"children\":[{\"type\":\"panel\",\"props\":{\"content\":\"\n\n<p>A personal mindfulness consultation offers an individual approach to finding inner peace and balance. Together we will focus on techniques to help you manage stress, improve focus and deepen your awareness in everyday life.<\\\/p>\",\"content_column_breakpoint\":\"m\",\"icon_width\":80,\"image_align\":\"top\",\"image_grid_breakpoint\":\"m\",\"image_grid_width\":\"1-2\",\"image_svg_color\":\"emphasis\",\"link\":\"mailto:info@krajinatvojiduse.cz\",\"link_margin\":\"medium\",\"link_size\":\"large\",\"link_style\":\"secondary\",\"link_text\":\"Contact me\",\"margin\":\"default\",\"meta\":\"Personal consultation\",\"meta_align\":\"above-title\",\"meta_color\":\"primary\",\"meta_element\":\"div\",\"meta_style\":\"h6\",\"position\":\"relative\",\"position_z_index\":\"1\",\"text_align\":\"left\",\"text_align_breakpoint\":\"m\",\"text_align_fallback\":\"center\",\"title\":\"Are you interested in an individual approach?\",\"title_align\":\"top\",\"title_element\":\"h2\",\"title_grid_breakpoint\":\"m\",\"title_grid_width\":\"1-2\",\"title_hover_style\":\"reset\"}}]},{\"type\":\"column\",\"props\":{\"image_position\":\"center-center\",\"position_sticky_breakpoint\":\"m\",\"width_medium\":\"3-5\"},\"children\":[{\"type\":\"image\",\"props\":{\"container_padding_remove\":false,\"image\":\"wp-content\\\/uploads\\\/home-shape-04.svg\",\"image_height\":\"355\",\"image_svg_color\":\"\",\"image_svg_inline\":false,\"image_width\":\"510\",\"margin\":\"default\",\"position\":\"absolute\",\"position_bottom\":\"0\",\"position_left\":\"40\",\"text_align\":\"right\",\"visibility\":\"m\"}}]}],\"props\":{\"layout\":\"2-5,3-5\",\"width\":\"large\",\"width_expand\":\"right\"}}],\"name\":\"Personal_consultations\"}],\"version\":\"4.5.4\"} --><\/p>\n","protected":false},"excerpt":{"rendered":"<p>Interested in more information? Contact me Sign up for MBSR courses using the form. Are you interested in MBSR courses, company mindfulness courses, a lecture or a personal consultation? Feel free to contact me and I will be happy to provide you with more information about services tailored to your needs. I look forward to [&hellip;]<\/p>\n","protected":false},"author":1,"featured_media":0,"parent":0,"menu_order":0,"comment_status":"closed","ping_status":"closed","template":"","meta":{"footnotes":""},"class_list":["post-4838","page","type-page","status-publish","hentry"],"_links":{"self":[{"href":"https:\/\/www.krajinatvojiduse.cz\/en\/wp-json\/wp\/v2\/pages\/4838","targetHints":{"allow":["GET"]}}],"collection":[{"href":"https:\/\/www.krajinatvojiduse.cz\/en\/wp-json\/wp\/v2\/pages"}],"about":[{"href":"https:\/\/www.krajinatvojiduse.cz\/en\/wp-json\/wp\/v2\/types\/page"}],"author":[{"embeddable":true,"href":"https:\/\/www.krajinatvojiduse.cz\/en\/wp-json\/wp\/v2\/users\/1"}],"replies":[{"embeddable":true,"href":"https:\/\/www.krajinatvojiduse.cz\/en\/wp-json\/wp\/v2\/comments?post=4838"}],"version-history":[{"count":19,"href":"https:\/\/www.krajinatvojiduse.cz\/en\/wp-json\/wp\/v2\/pages\/4838\/revisions"}],"predecessor-version":[{"id":6141,"href":"https:\/\/www.krajinatvojiduse.cz\/en\/wp-json\/wp\/v2\/pages\/4838\/revisions\/6141"}],"wp:attachment":[{"href":"https:\/\/www.krajinatvojiduse.cz\/en\/wp-json\/wp\/v2\/media?parent=4838"}],"curies":[{"name":"wp","href":"https:\/\/api.w.org\/{rel}","templated":true}]}}