{"id":4846,"date":"2024-09-14T10:00:02","date_gmt":"2024-09-14T10:00:02","guid":{"rendered":"https:\/\/www.krajinatvojiduse.cz\/osobni_konzultace-2\/"},"modified":"2024-12-30T04:30:36","modified_gmt":"2024-12-30T04:30:36","slug":"personal-consultation","status":"publish","type":"page","link":"https:\/\/www.krajinatvojiduse.cz\/en\/personal-consultation\/","title":{"rendered":"Personal consultation"},"content":{"rendered":"<div>Interested in more information?<\/div>\n<h1>Contact me<\/h1>\n<div>\n<p>Are you interested in MBSR courses, company mindfulness courses, a lecture or a personal consultation? Feel free to contact me and I will be happy to provide you with more information about services tailored to your needs. I look forward to hearing from you!<\/p>\n<\/div>\n<ul>\n<li>\n<p><img decoding=\"async\" src=\"\/wp-content\/uploads\/2024\/09\/Lokace_1.png\" alt=\"\"><\/p>\n<h2>Where we meet<\/h2>\n<div>\n<p>Prague<\/p>\n<\/div>\n<\/li>\n<li>\n<p><img decoding=\"async\" src=\"\/wp-content\/uploads\/2024\/09\/Malito.png\" alt=\"\"><\/p>\n<h2>Contact<\/h2>\n<div>\n<p><a href=\"callto:+ 601 086 879\">+ 601 086 879\u00a0<\/a><br \/><a href=\"mailto:info@krajinatvojiduse.cz\">info@krajinatvojiduse.cz<\/a><\/p>\n<\/div>\n<\/li>\n<li>\n<p><img decoding=\"async\" src=\"\/wp-content\/uploads\/2024\/09\/Talkto.png\" alt=\"\"><\/p>\n<h2>Let&#8217;s arrange a meeting<\/h2>\n<p><a href=\"mailto:info@krajinatvojiduse.cz\">Reservation<\/a><\/p>\n<\/li>\n<\/ul>\n<h3>What else can you sign up for?<\/h3>\n<hr>\n<ul>\n<li>\n<p><img decoding=\"async\" src=\"\/wp-content\/uploads\/2024\/05\/WhatsApp-Image-2024-03-22-at-18.22.47-1.jpeg\" alt=\"\"><\/p>\n<h3>8-week MBSR course<\/h3>\n<p>\u0160\u00e1rka Ka\u0161parov\u00e1 (Prostor 8, 19. 2. \u2013 9. 4. 2025)<\/p>\n<p><a href=\"\/en\/courses-mbsr\/\">More about course<\/a><\/p>\n<\/li>\n<li>\n<p><img decoding=\"async\" src=\"\/wp-content\/uploads\/2024\/09\/Snimek-obrazovky-2024-09-18-v-0.41.34.png\" alt=\"\"><\/p>\n<h3>Mindfulness five-day silent retreat<\/h3>\n<p>\u0160imon Grimmich and \u0160\u00e1rka Ka\u0161parov\u00e1 (Tun\u011bchodsk\u00fd ml\u00fdn February 19 \u2013 February 23, 2025)<\/p>\n<p><a href=\"\/en\/mindfulness-five-day-silent-retreat\/\">More about retreat<\/a><\/p>\n<\/li>\n<li>\n<p><img decoding=\"async\" src=\"\/wp-content\/uploads\/2024\/12\/AR_vikend-56-scaled.jpg\" alt=\"\"><\/p>\n<h3>Online 8-week MBSR course<\/h3>\n<p>\u0160\u00e1rka Ka\u0161parov\u00e1 (Online, 17. 2. \u2013 7. 4. 2025)<\/p>\n<p><a href=\"\/en\/online-courses-mbsr\/\">More about course<\/a><\/p>\n<\/li>\n<li>\n<p><img decoding=\"async\" src=\"\/wp-content\/uploads\/2024\/09\/WhatsApp-Image-2024-06-28-at-22.57.44.jpeg\" alt=\"\"><\/p>\n<h3>8-week online MBSR course (conducted in English)<\/h3>\n<p>\u0160imon Grimmich and \u0160\u00e1rka Ka\u0161parov\u00e1 (Avati, March 13 \u2013 May 8, 2025)<\/p>\n<p><a href=\"\/en\/courses-mbsr-aj\/\">More about course<\/a><\/p>\n<\/li>\n<li>\n<p><img decoding=\"async\" src=\"\/wp-content\/uploads\/2024\/12\/WhatsApp-Image-2024-05-05-at-13.26.45.jpeg\" alt=\"\"><\/p>\n<h3>Mindfulness weekly silent retreat<\/h3>\n<p>\u0160imon Grimmich and \u0160\u00e1rka Ka\u0161parov\u00e1 (Tun\u011bchodsk\u00fd ml\u00fdn June 22 \u2013 June 26, 2025)<\/p>\n<p><a href=\"\/en\/mindfulness-weekly-retreat\/\">More about retreat<\/a><\/p>\n<\/li>\n<li>\n<p><img decoding=\"async\" src=\"\/wp-content\/uploads\/2024\/09\/Snimek-obrazovky-2024-09-18-v-0.41.34.png\" alt=\"\"><\/p>\n<h3>Embodiment and mindfulness: Harmony of body and mind<\/h3>\n<p>\u0160imon Grimmich and \u0160\u00e1rka Ka\u0161parov\u00e1 (Tun\u011bchodsk\u00fd ml\u00fdn August 10 \u2013 August 16, 2025)<\/p>\n<p><a href=\"\/en\/embodiment-and-meditation-harmony-of-body-and-soul\/\">More about reatreat<\/a><\/p>\n<\/li>\n<\/ul>\n<p><img decoding=\"async\" src=\"\/wp-content\/uploads\/home-shape-02.svg\" alt=\"\"><\/p>\n<div>\n<h2>Are you interested in an individual approach?<\/h2>\n<p>Personal consultation<\/p>\n<div>\n<p>A personal mindfulness consultation offers an individual approach to finding inner peace and balance. Together we will focus on techniques to help you manage stress, improve focus and deepen your awareness in everyday life.<\/p>\n<\/div>\n<p><a href=\"mailto:info@krajinatvojiduse.cz\">Contact me<\/a><\/p>\n<\/div>\n<p><img decoding=\"async\" src=\"\/wp-content\/uploads\/home-shape-04.svg\" alt=\"\"><\/p>\n<p><!--more--><br \/>\n<!-- {\"type\":\"layout\",\"children\":[{\"type\":\"section\",\"props\":{\"image_position\":\"center-center\",\"padding\":\"small\",\"padding_remove_bottom\":true,\"style\":\"default\",\"title_breakpoint\":\"xl\",\"title_position\":\"top-left\",\"title_rotation\":\"left\",\"vertical_align\":\"\",\"width\":\"large\"},\"children\":[{\"type\":\"row\",\"children\":[{\"type\":\"column\",\"props\":{\"image_position\":\"center-center\",\"position_sticky_breakpoint\":\"m\"}}]}],\"name\":\"Alert\"},{\"type\":\"section\",\"props\":{\"image_position\":\"center-center\",\"style\":\"default\",\"title_breakpoint\":\"xl\",\"title_position\":\"top-left\",\"title_rotation\":\"left\",\"vertical_align\":\"\",\"width\":\"\"},\"children\":[{\"type\":\"row\",\"children\":[{\"type\":\"column\",\"props\":{\"image_position\":\"center-center\",\"position_sticky_breakpoint\":\"m\"},\"children\":[{\"type\":\"headline\",\"props\":{\"content\":\"Interested in more information?\",\"text_align\":\"center\",\"title_color\":\"primary\",\"title_element\":\"div\",\"title_style\":\"h6\"}},{\"type\":\"headline\",\"props\":{\"content\":\"Contact me\",\"margin\":\"remove-vertical\",\"text_align\":\"center\",\"title_element\":\"h1\"}},{\"type\":\"text\",\"props\":{\"block_align\":\"center\",\"column_breakpoint\":\"m\",\"content\":\"\n\n<p>Are you interested in MBSR courses, company mindfulness courses, a lecture or a personal consultation? Feel free to contact me and I will be happy to provide you with more information about services tailored to your needs. I look forward to hearing from you!<\\\/p>\",\"margin\":\"default\",\"maxwidth\":\"xlarge\",\"text_align\":\"center\",\"text_style\":\"large\"}},{\"type\":\"grid\",\"props\":{\"content_column_breakpoint\":\"m\",\"filter_align\":\"left\",\"filter_all\":true,\"filter_grid_breakpoint\":\"m\",\"filter_grid_width\":\"auto\",\"filter_position\":\"top\",\"filter_style\":\"tab\",\"grid_default\":\"1\",\"grid_medium\":\"3\",\"grid_small\":\"2\",\"icon_width\":80,\"image_align\":\"left\",\"image_grid_breakpoint\":\"s\",\"image_grid_column_gap\":\"small\",\"image_grid_row_gap\":\"small\",\"image_grid_width\":\"auto\",\"image_loading\":true,\"image_svg_color\":\"emphasis\",\"image_svg_inline\":true,\"image_width\":\"100\",\"item_animation\":true,\"link_size\":\"small\",\"link_style\":\"default\",\"link_text\":\"Read more\",\"margin\":\"large\",\"meta_align\":\"below-title\",\"meta_element\":\"div\",\"meta_style\":\"text-meta\",\"parallax_easing\":\"1\",\"show_content\":true,\"show_image\":true,\"show_link\":true,\"show_meta\":true,\"show_title\":true,\"text_align\":\"left\",\"text_align_breakpoint\":\"s\",\"text_align_fallback\":\"center\",\"title_align\":\"top\",\"title_element\":\"h2\",\"title_grid_breakpoint\":\"m\",\"title_grid_width\":\"1-2\",\"title_hover_style\":\"reset\",\"title_style\":\"h3\"},\"children\":[{\"type\":\"grid_item\",\"props\":{\"content\":\"\n\n<p>Prague<\\\/p>\",\"image\":\"wp-content\\\/uploads\\\/2024\\\/09\\\/Lokace_1.png\",\"title\":\"Where we meet\"}},{\"type\":\"grid_item\",\"props\":{\"content\":\"\n\n<p><a href=\\\"callto:+ 601 086 879\\\">+ 601 086 879\\u00a0<\\\/a><br \\\/><a href=\\\"mailto:info@krajinatvojiduse.cz\\\">info@krajinatvojiduse.cz<\\\/a><\\\/p>\",\"image\":\"wp-content\\\/uploads\\\/2024\\\/09\\\/Malito.png\",\"title\":\"Contact\"}},{\"type\":\"grid_item\",\"props\":{\"content\":\"\",\"image\":\"wp-content\\\/uploads\\\/2024\\\/09\\\/Talkto.png\",\"link\":\"mailto:info@krajinatvojiduse.cz\",\"link_text\":\"Reservation\",\"title\":\"Let's arrange a meeting\"}}]}]}],\"props\":{\"column_gap\":\"collapse\",\"margin\":\"large\",\"margin_remove_top\":true,\"row_gap\":\"collapse\",\"width\":\"large\"}}],\"name\":\"Contact\"},{\"type\":\"section\",\"props\":{\"image_position\":\"center-center\",\"style\":\"default\",\"title_breakpoint\":\"xl\",\"title_position\":\"top-left\",\"title_rotation\":\"left\",\"vertical_align\":\"middle\",\"width\":\"default\"},\"children\":[{\"type\":\"row\",\"children\":[{\"type\":\"column\",\"props\":{\"image_position\":\"center-center\",\"position_sticky_breakpoint\":\"m\"}}]}]},{\"type\":\"section\",\"props\":{\"image_position\":\"center-center\",\"style\":\"default\",\"title_breakpoint\":\"xl\",\"title_position\":\"top-left\",\"title_rotation\":\"left\",\"vertical_align\":\"middle\",\"width\":\"default\"},\"children\":[{\"type\":\"row\",\"children\":[{\"type\":\"column\",\"props\":{\"image_position\":\"center-center\",\"position_sticky_breakpoint\":\"m\"},\"children\":[{\"type\":\"headline\",\"props\":{\"content\":\"What else can you sign up for?\",\"text_align\":\"left\",\"title_element\":\"h3\"}},{\"type\":\"divider\",\"props\":{\"divider_element\":\"hr\"}},{\"name\":\"Panel Slider Card Default\",\"type\":\"panel-slider\",\"children\":[{\"type\":\"panel-slider_item\",\"props\":{\"image\":\"wp-content\\\/uploads\\\/2024\\\/05\\\/WhatsApp-Image-2024-03-22-at-18.22.47-1.jpeg\",\"link\":\"en\\\/courses-mbsr\\\/\",\"link_text\":\"More about course\",\"meta\":\"\\u0160\\u00e1rka Ka\\u0161parov\\u00e1 (Prostor 8, 19. 2. \\u2013 9. 4. 2025)\",\"title\":\"8-week MBSR course\"}},{\"type\":\"panel-slider_item\",\"props\":{\"image\":\"wp-content\\\/uploads\\\/2024\\\/09\\\/Snimek-obrazovky-2024-09-18-v-0.41.34.png\",\"link\":\"en\\\/mindfulness-five-day-silent-retreat\\\/\",\"link_text\":\"More about retreat\",\"meta\":\"\\u0160imon Grimmich and \\u0160\\u00e1rka Ka\\u0161parov\\u00e1 (Tun\\u011bchodsk\\u00fd ml\\u00fdn February 19 \\u2013 February 23, 2025)\",\"title\":\"Mindfulness five-day silent retreat\"}},{\"type\":\"panel-slider_item\",\"props\":{\"image\":\"wp-content\\\/uploads\\\/2024\\\/12\\\/AR_vikend-56-scaled.jpg\",\"link\":\"en\\\/online-courses-mbsr\\\/\",\"link_text\":\"More about course\",\"meta\":\"\\u0160\\u00e1rka Ka\\u0161parov\\u00e1 (Online, 17. 2. \\u2013 7. 4. 2025)\",\"title\":\"Online 8-week MBSR course\"}},{\"type\":\"panel-slider_item\",\"props\":{\"image\":\"wp-content\\\/uploads\\\/2024\\\/09\\\/WhatsApp-Image-2024-06-28-at-22.57.44.jpeg\",\"link\":\"en\\\/courses-mbsr-aj\\\/\",\"link_text\":\"More about course\",\"meta\":\"\\u0160imon Grimmich and \\u0160\\u00e1rka Ka\\u0161parov\\u00e1 (Avati, March 13 \\u2013 May 8, 2025)\",\"title\":\"8-week online MBSR course (conducted in English)\"}},{\"type\":\"panel-slider_item\",\"props\":{\"image\":\"wp-content\\\/uploads\\\/2024\\\/12\\\/WhatsApp-Image-2024-05-05-at-13.26.45.jpeg\",\"link\":\"en\\\/mindfulness-weekly-retreat\\\/\",\"link_text\":\"More about retreat\",\"meta\":\"\\u0160imon Grimmich and \\u0160\\u00e1rka Ka\\u0161parov\\u00e1 (Tun\\u011bchodsk\\u00fd ml\\u00fdn June 22 \\u2013 June 26, 2025)\",\"title\":\"Mindfulness weekly silent retreat\"}},{\"type\":\"panel-slider_item\",\"props\":{\"image\":\"wp-content\\\/uploads\\\/2024\\\/09\\\/Snimek-obrazovky-2024-09-18-v-0.41.34.png\",\"link\":\"en\\\/embodiment-and-meditation-harmony-of-body-and-soul\\\/\",\"link_text\":\"More about reatreat\",\"meta\":\"\\u0160imon Grimmich and \\u0160\\u00e1rka Ka\\u0161parov\\u00e1 (Tun\\u011bchodsk\\u00fd ml\\u00fdn August 10 \\u2013 August 16, 2025)\",\"title\":\"Embodiment and mindfulness: Harmony of body and mind\"}}],\"props\":{\"container_padding_remove\":true,\"content_column_breakpoint\":\"m\",\"content_margin\":\"remove\",\"icon_width\":80,\"image_align\":\"top\",\"image_grid_breakpoint\":\"m\",\"image_grid_width\":\"1-2\",\"image_height\":\"600\",\"image_link\":true,\"image_svg_color\":\"emphasis\",\"image_transition\":\"scale-down\",\"image_width\":\"610\",\"link_size\":\"small\",\"link_style\":\"secondary\",\"link_text\":\"\",\"margin\":\"default\",\"meta_align\":\"below-title\",\"meta_element\":\"div\",\"meta_margin\":\"remove\",\"meta_style\":\"text-meta\",\"nav\":\"dotnav\",\"nav_align\":\"center\",\"nav_breakpoint\":\"\",\"nav_margin\":\"medium\",\"panel_card_offset\":true,\"panel_image_no_padding\":true,\"panel_link\":false,\"panel_match\":true,\"panel_padding\":\"small\",\"panel_style\":\"card-hover\",\"show_content\":true,\"show_image\":true,\"show_link\":true,\"show_meta\":true,\"show_title\":true,\"slidenav\":\"\",\"slidenav_breakpoint\":\"xl\",\"slidenav_margin\":\"medium\",\"slidenav_outside_breakpoint\":\"xl\",\"slider_autoplay\":true,\"slider_autoplay_interval\":\"7\",\"slider_autoplay_pause\":true,\"slider_center\":false,\"slider_gap\":\"default\",\"slider_width\":\"fixed\",\"slider_width_default\":\"1-1\",\"slider_width_medium\":\"1-3\",\"slider_width_small\":\"1-2\",\"title_align\":\"top\",\"title_element\":\"h3\",\"title_grid_breakpoint\":\"m\",\"title_grid_width\":\"1-2\",\"title_hover_style\":\"reset\",\"title_link\":true,\"title_margin\":\"remove\",\"title_style\":\"h4\"}}]}]}],\"name\":\"Carousel_all_courses_ENG122024\"},{\"name\":\"Kurzy_3_13_9\",\"type\":\"section\",\"props\":{\"animation\":\"slide-top-small\",\"css\":\"@media (min-width: 960px) {\\n    .el-section { padding-top: 0; }\\n}\",\"header_overlay\":\"light\",\"height_viewport\":false,\"image_effect\":\"parallax\",\"image_parallax_easing\":\"1\",\"image_position\":\"bottom-left\",\"padding\":\"large\",\"padding_remove_top\":false,\"style\":\"default\",\"title_breakpoint\":\"xl\",\"title_position\":\"top-left\",\"title_rotation\":\"left\",\"vertical_align\":\"\",\"width\":\"\"},\"children\":[{\"type\":\"row\",\"children\":[{\"type\":\"column\",\"props\":{\"image_position\":\"center-center\",\"position_sticky_breakpoint\":\"m\"},\"children\":[{\"type\":\"image\",\"props\":{\"image\":\"wp-content\\\/uploads\\\/home-shape-02.svg\",\"image_height\":\"330\",\"image_svg_color\":\"\",\"image_svg_inline\":false,\"image_width\":\"165\",\"margin\":\"default\",\"position\":\"absolute\",\"position_top\":\"-140\",\"position_z_index\":\"0\",\"visibility\":\"xl\"}}]}],\"props\":{\"margin\":\"remove-vertical\"}}]},{\"type\":\"section\",\"props\":{\"image_position\":\"center-center\",\"padding\":\"large\",\"padding_remove_top\":true,\"style\":\"default\",\"title_breakpoint\":\"xl\",\"title_position\":\"top-left\",\"title_rotation\":\"left\",\"vertical_align\":\"\",\"width\":\"\"},\"children\":[{\"type\":\"row\",\"children\":[{\"type\":\"column\",\"props\":{\"image_position\":\"center-center\",\"position_sticky_breakpoint\":\"m\",\"width_medium\":\"2-5\"},\"children\":[{\"type\":\"panel\",\"props\":{\"content\":\"\n\n<p>A personal mindfulness consultation offers an individual approach to finding inner peace and balance. Together we will focus on techniques to help you manage stress, improve focus and deepen your awareness in everyday life.<\\\/p>\",\"content_column_breakpoint\":\"m\",\"icon_width\":80,\"image_align\":\"top\",\"image_grid_breakpoint\":\"m\",\"image_grid_width\":\"1-2\",\"image_svg_color\":\"emphasis\",\"link\":\"mailto:info@krajinatvojiduse.cz\",\"link_margin\":\"medium\",\"link_size\":\"large\",\"link_style\":\"secondary\",\"link_text\":\"Contact me\",\"margin\":\"default\",\"meta\":\"Personal consultation\",\"meta_align\":\"above-title\",\"meta_color\":\"primary\",\"meta_element\":\"div\",\"meta_style\":\"h6\",\"position\":\"relative\",\"position_z_index\":\"1\",\"text_align\":\"left\",\"text_align_breakpoint\":\"m\",\"text_align_fallback\":\"center\",\"title\":\"Are you interested in an individual approach?\",\"title_align\":\"top\",\"title_element\":\"h2\",\"title_grid_breakpoint\":\"m\",\"title_grid_width\":\"1-2\",\"title_hover_style\":\"reset\"}}]},{\"type\":\"column\",\"props\":{\"image_position\":\"center-center\",\"position_sticky_breakpoint\":\"m\",\"width_medium\":\"3-5\"},\"children\":[{\"type\":\"image\",\"props\":{\"container_padding_remove\":false,\"image\":\"wp-content\\\/uploads\\\/home-shape-04.svg\",\"image_height\":\"355\",\"image_svg_color\":\"\",\"image_svg_inline\":false,\"image_width\":\"510\",\"margin\":\"default\",\"position\":\"absolute\",\"position_bottom\":\"0\",\"position_left\":\"40\",\"text_align\":\"right\",\"visibility\":\"m\"}}]}],\"props\":{\"layout\":\"2-5,3-5\",\"width\":\"large\",\"width_expand\":\"right\"}}],\"name\":\"Personal_consultations\"}],\"version\":\"4.4.17\"} --><\/p>\n","protected":false},"excerpt":{"rendered":"<p>Interested in more information? Contact me Are you interested in MBSR courses, company mindfulness courses, a lecture or a personal consultation? Feel free to contact me and I will be happy to provide you with more information about services tailored to your needs. I look forward to hearing from you! Where we meet Prague Contact [&hellip;]<\/p>\n","protected":false},"author":1,"featured_media":0,"parent":0,"menu_order":0,"comment_status":"closed","ping_status":"closed","template":"","meta":{"footnotes":""},"class_list":["post-4846","page","type-page","status-publish","hentry"],"_links":{"self":[{"href":"https:\/\/www.krajinatvojiduse.cz\/en\/wp-json\/wp\/v2\/pages\/4846","targetHints":{"allow":["GET"]}}],"collection":[{"href":"https:\/\/www.krajinatvojiduse.cz\/en\/wp-json\/wp\/v2\/pages"}],"about":[{"href":"https:\/\/www.krajinatvojiduse.cz\/en\/wp-json\/wp\/v2\/types\/page"}],"author":[{"embeddable":true,"href":"https:\/\/www.krajinatvojiduse.cz\/en\/wp-json\/wp\/v2\/users\/1"}],"replies":[{"embeddable":true,"href":"https:\/\/www.krajinatvojiduse.cz\/en\/wp-json\/wp\/v2\/comments?post=4846"}],"version-history":[{"count":12,"href":"https:\/\/www.krajinatvojiduse.cz\/en\/wp-json\/wp\/v2\/pages\/4846\/revisions"}],"predecessor-version":[{"id":5877,"href":"https:\/\/www.krajinatvojiduse.cz\/en\/wp-json\/wp\/v2\/pages\/4846\/revisions\/5877"}],"wp:attachment":[{"href":"https:\/\/www.krajinatvojiduse.cz\/en\/wp-json\/wp\/v2\/media?parent=4846"}],"curies":[{"name":"wp","href":"https:\/\/api.w.org\/{rel}","templated":true}]}}