{"id":4848,"date":"2023-10-16T14:09:27","date_gmt":"2023-10-16T14:09:27","guid":{"rendered":"https:\/\/www.krajinatvojiduse.cz\/reference\/"},"modified":"2025-01-03T03:29:55","modified_gmt":"2025-01-03T03:29:55","slug":"references","status":"publish","type":"page","link":"https:\/\/www.krajinatvojiduse.cz\/en\/references\/","title":{"rendered":"References"},"content":{"rendered":"<div>\u0160\u00e1rka Ka\u0161parov\u00e1 <br \/>certified teacher of mindfulness courses (MBSR)<\/div>\n<h1>References<\/h1>\n<div>\n<p>Cultivate kindness, mindfulness is a process of self-knowledge through gentle, compassionate attention.<\/p>\n<\/div>\n<p><img decoding=\"async\" src=\"\/wp-content\/uploads\/2024\/09\/Prvek_o_me.png\" alt=\"\"><br \/>\n<img decoding=\"async\" src=\"\/wp-content\/uploads\/2024\/09\/Prvek_o_me.png\" alt=\"\"><br \/>\n<img decoding=\"async\" src=\"\/wp-content\/uploads\/2024\/09\/Podpis_ruzovy-b5b30bf8.webp\" alt=\"\"><\/p>\n<h3><a href=\"#\">Veronika (MBSR 2024)<\/a><\/h3>\n<div>\n<p>&#8220;The course helped me and I would recommend it to everyone who sometimes has trouble stopping and taking a good look around. The course and a set of mindfulness techniques showed me how to really relax, calm down and clear my constantly distracted head and thus reduce the level of stress I feel. During the course, a person will learn various techniques and tools, which he can then simply practice in everyday life and choose the ones that will suit him and help him the most. I also appreciate the caring and personal approach of lecturer \u0160\u00e1rka.&#8221;<\/p>\n<\/div>\n<h3><a href=\"#\">Martin (MBSR 2024)<\/a><\/h3>\n<div>\n<p>&#8220;The course was eight very interesting weeks for me. It was a (positive) departure from the comfort zone and a lot of experimentation with a new world view. Together with a great lecturer, it was a combination that made the invested time and effort pay off many times over. For example, one of the most important skills for me that I have improved thanks to the course is to observe and accommodate my body. And I also discovered to my surprise that raisins can make sounds :)&#8221;<\/p>\n<\/div>\n<h3><a href=\"#\">Lenka (MBSR 2023)<\/a><\/h3>\n<div>\n<p>&#8220;The course opened my eyes to real rest, when I learned not only to relax my body, but also to give my mind a real break. Thanks to mindfulness techniques, I found an effective tool for improving my ability to concentrate. Thanks to the course, I gained practical skills that help me stay calmer in everyday life.&#8221;<\/p>\n<\/div>\n<h3><a href=\"#\">Pavel (MBSR 2023)<\/a><\/h3>\n<div>\n<p>&#8220;The course showed me the incredible cleansing power of rest, when you actually let your brain rest instead of just bombarding it with less demanding stimuli. At the same time, the techniques I learned helped me train my concentration and overcome my eternal distraction more easily.&#8221;<\/p>\n<\/div>\n<h3><a href=\"#\">Petr (Webin\u00e1\u0159 2023)<\/a><\/h3>\n<div>\n<p>&#8220;At the mindfulness webinar, even without knowing the theory, I discovered that I intuitively apply some practices in my life, which pleased me. The most valuable part of the webinar was that I compared my thoughts and where I want to go next.&#8221;<\/p>\n<\/div>\n<h3><a href=\"#\">Honza (MBSR 2023)<\/a><\/h3>\n<div>\n<p>\u201cThe mindfulness course was a breakthrough experience for me, providing me with a set of useful tools and techniques for managing stress. This course has become a cornerstone of my personal and professional equipment, and I am grateful to be able to apply these skills whenever and wherever I need to.\u201d<\/p>\n<\/div>\n<h3><a href=\"#\">Lenka (MBSR 2023)<\/a><\/h3>\n<div>\n<p>&#8220;The course opened my eyes to real rest, when I learned not only to relax my body, but also to give my mind a real break. Thanks to mindfulness techniques, I found an effective tool for improving my ability to concentrate. Thanks to the course, I gained practical skills that help me stay calmer in everyday life.&#8221;<\/p>\n<\/div>\n<h3><a href=\"#\">Alena (MBSR 2023)<\/a><\/h3>\n<div>\n<p>&#8220;The course gave me a set of tools to handle not only challenging situations, which I will be able to use at any time in my life.&#8221;<\/p>\n<\/div>\n<h3>What else can you sign up for?<\/h3>\n<hr>\n<ul>\n<li>\n<p><img decoding=\"async\" src=\"\/wp-content\/uploads\/2024\/05\/WhatsApp-Image-2024-03-22-at-18.22.47-1.jpeg\" alt=\"\"><\/p>\n<h3>8-week MBSR course<\/h3>\n<p>\u0160\u00e1rka Ka\u0161parov\u00e1 (Prostor 8, 19. 2. \u2013 9. 4. 2025)<\/p>\n<p><a href=\"\/en\/courses-mbsr\/\">More about course<\/a><\/p>\n<\/li>\n<li>\n<p><img decoding=\"async\" src=\"\/wp-content\/uploads\/2024\/09\/Snimek-obrazovky-2024-09-18-v-0.41.34.png\" alt=\"\"><\/p>\n<h3>Mindfulness five-day silent retreat<\/h3>\n<p>\u0160imon Grimmich and \u0160\u00e1rka Ka\u0161parov\u00e1 (Tun\u011bchodsk\u00fd ml\u00fdn February 19 \u2013 February 23, 2025)<\/p>\n<p><a href=\"\/en\/mindfulness-five-day-silent-retreat\/\">More about retreat<\/a><\/p>\n<\/li>\n<li>\n<p><img decoding=\"async\" src=\"\/wp-content\/uploads\/2024\/12\/AR_vikend-56-scaled.jpg\" alt=\"\"><\/p>\n<h3>Online 8-week MBSR course<\/h3>\n<p>\u0160\u00e1rka Ka\u0161parov\u00e1 (Online, 17. 2. \u2013 7. 4. 2025)<\/p>\n<p><a href=\"\/en\/online-courses-mbsr\/\">More about course<\/a><\/p>\n<\/li>\n<li>\n<p><img decoding=\"async\" src=\"\/wp-content\/uploads\/2024\/09\/WhatsApp-Image-2024-06-28-at-22.57.44.jpeg\" alt=\"\"><\/p>\n<h3>8-week MBSR course (conducted in English)<\/h3>\n<p>\u0160imon Grimmich and \u0160\u00e1rka Ka\u0161parov\u00e1 (Avati, February 27 \u2013 April 24, 2025)<\/p>\n<p><a href=\"\/en\/courses-mbsr-aj\/\">More about course<\/a><\/p>\n<\/li>\n<li>\n<p><img decoding=\"async\" src=\"\/wp-content\/uploads\/2024\/12\/WhatsApp-Image-2024-05-05-at-13.26.45.jpeg\" alt=\"\"><\/p>\n<h3>Mindfulness weekly silent retreat<\/h3>\n<p>\u0160imon Grimmich and \u0160\u00e1rka Ka\u0161parov\u00e1 (Tun\u011bchodsk\u00fd ml\u00fdn June 22 \u2013 June 26, 2025)<\/p>\n<p><a href=\"\/en\/mindfulness-weekly-retreat\/\">More about retreat<\/a><\/p>\n<\/li>\n<li>\n<p><img decoding=\"async\" src=\"\/wp-content\/uploads\/2024\/09\/Snimek-obrazovky-2024-09-18-v-0.41.34.png\" alt=\"\"><\/p>\n<h3>Embodiment and mindfulness: Harmony of body and mind<\/h3>\n<p>\u0160imon Grimmich and \u0160\u00e1rka Ka\u0161parov\u00e1 (Tun\u011bchodsk\u00fd ml\u00fdn August 10 \u2013 August 16, 2025)<\/p>\n<p><a href=\"\/en\/embodiment-and-meditation-harmony-of-body-and-soul\/\">More about reatreat<\/a><\/p>\n<\/li>\n<\/ul>\n<div>\n<h2>Are you interested in an individual approach?<\/h2>\n<p>Personal consultation<\/p>\n<div>\n<p>A personal mindfulness consultation offers an individual approach to finding inner peace and balance. Together we will focus on techniques to help you manage stress, improve focus and deepen your awareness in everyday life.<\/p>\n<\/div>\n<p><a href=\"mailto:info@krajinatvojiduse.cz\">Contact me<\/a><\/p>\n<\/div>\n<p><img decoding=\"async\" src=\"\/wp-content\/uploads\/home-shape-04.svg\" alt=\"\"><\/p>\n<p><!--more--><br \/>\n<!-- {\"type\":\"layout\",\"children\":[{\"type\":\"section\",\"props\":{\"image_position\":\"center-center\",\"padding\":\"large\",\"style\":\"default\",\"title_breakpoint\":\"xl\",\"title_position\":\"top-left\",\"title_rotation\":\"left\",\"vertical_align\":\"\",\"width\":\"default\"},\"children\":[{\"type\":\"row\",\"children\":[{\"type\":\"column\",\"props\":{\"image_position\":\"center-center\",\"position_sticky_breakpoint\":\"m\"},\"children\":[{\"type\":\"headline\",\"props\":{\"content\":\"\\u0160\\u00e1rka Ka\\u0161parov\\u00e1 <br \\\/>certified teacher of mindfulness courses (MBSR)\",\"text_align\":\"center\",\"title_color\":\"primary\",\"title_element\":\"div\",\"title_style\":\"h6\"}},{\"type\":\"headline\",\"props\":{\"content\":\"References\",\"margin\":\"small\",\"text_align\":\"center\",\"title_element\":\"h1\"}},{\"type\":\"text\",\"props\":{\"block_align\":\"center\",\"column_breakpoint\":\"m\",\"content\":\"\n\n<p>Cultivate kindness, mindfulness is a process of self-knowledge through gentle, compassionate attention.<\\\/p>\",\"margin\":\"default\",\"maxwidth\":\"xlarge\",\"text_align\":\"center\",\"text_style\":\"large\"}},{\"type\":\"image\",\"props\":{\"image\":\"wp-content\\\/uploads\\\/2024\\\/09\\\/Prvek_o_me.png\",\"image_loading\":true,\"image_svg_color\":\"emphasis\",\"image_width\":1200,\"margin\":\"large\",\"margin_remove_bottom\":true,\"text_align\":\"center\",\"visibility\":\"s\"}},{\"type\":\"image\",\"props\":{\"image\":\"wp-content\\\/uploads\\\/2024\\\/09\\\/Prvek_o_me.png\",\"image_loading\":true,\"image_svg_color\":\"emphasis\",\"image_width\":\"610\",\"margin\":\"remove-vertical\",\"text_align\":\"center\",\"visibility\":\"hidden-s\"}}]}]},{\"type\":\"row\",\"props\":{\"margin\":\"large\",\"width\":\"small\"},\"children\":[{\"type\":\"column\",\"props\":{\"image_position\":\"center-center\",\"position_sticky_breakpoint\":\"m\"},\"children\":[{\"type\":\"image\",\"props\":{\"image\":\"wp-content\\\/uploads\\\/2024\\\/09\\\/Podpis_ruzovy-b5b30bf8.webp\",\"image_svg_color\":\"emphasis\",\"image_width\":500,\"margin\":\"default\",\"text_align\":\"center\"}}]}]},{\"type\":\"row\",\"children\":[{\"type\":\"column\",\"props\":{\"image_position\":\"center-center\",\"position_sticky_breakpoint\":\"m\",\"style\":\"tile-muted\",\"width_small\":\"1-2\"},\"children\":[{\"type\":\"headline\",\"props\":{\"block_align\":\"center\",\"content\":\"Veronika (MBSR 2024)\",\"link\":\"#\",\"maxwidth\":\"large\",\"position\":\"relative\",\"position_z_index\":\"1\",\"title_element\":\"h3\"}},{\"type\":\"text\",\"props\":{\"block_align\":\"center\",\"column_breakpoint\":\"m\",\"content\":\"\n\n<p>\\\"The course helped me and I would recommend it to everyone who sometimes has trouble stopping and taking a good look around. The course and a set of mindfulness techniques showed me how to really relax, calm down and clear my constantly distracted head and thus reduce the level of stress I feel. During the course, a person will learn various techniques and tools, which he can then simply practice in everyday life and choose the ones that will suit him and help him the most. I also appreciate the caring and personal approach of lecturer \\u0160\\u00e1rka.\\\"<\\\/p>\",\"margin\":\"\",\"maxwidth\":\"large\",\"position\":\"relative\",\"position_z_index\":\"1\"}}]},{\"type\":\"column\",\"props\":{\"image_position\":\"center-center\",\"position_sticky_breakpoint\":\"m\",\"style\":\"tile-default\",\"width_small\":\"1-2\"},\"children\":[{\"type\":\"headline\",\"props\":{\"block_align\":\"center\",\"content\":\"Martin (MBSR 2024)\",\"link\":\"#\",\"maxwidth\":\"large\",\"position\":\"relative\",\"position_z_index\":\"1\",\"title_element\":\"h3\"}},{\"type\":\"text\",\"props\":{\"block_align\":\"center\",\"column_breakpoint\":\"m\",\"content\":\"\n\n<p>\\\"The course was eight very interesting weeks for me. It was a (positive) departure from the comfort zone and a lot of experimentation with a new world view. Together with a great lecturer, it was a combination that made the invested time and effort pay off many times over. For example, one of the most important skills for me that I have improved thanks to the course is to observe and accommodate my body. And I also discovered to my surprise that raisins can make sounds :)\\\"<\\\/p>\",\"margin\":\"\",\"maxwidth\":\"large\",\"position\":\"relative\",\"position_z_index\":\"1\"}}]}],\"props\":{\"column_gap\":\"collapse\",\"layout\":\"1-2,1-2\",\"margin\":\"large\",\"margin_remove_bottom\":true,\"width\":\"large\"}},{\"type\":\"row\",\"children\":[{\"type\":\"column\",\"props\":{\"image_position\":\"center-center\",\"position_sticky_breakpoint\":\"m\",\"style\":\"tile-muted\",\"width_small\":\"1-2\"},\"children\":[{\"type\":\"headline\",\"props\":{\"block_align\":\"center\",\"content\":\"Lenka (MBSR 2023)\",\"link\":\"#\",\"margin\":\"default\",\"maxwidth\":\"large\",\"title_element\":\"h3\"}},{\"type\":\"text\",\"props\":{\"block_align\":\"center\",\"column_breakpoint\":\"m\",\"content\":\"\n\n<p>\\\"The course opened my eyes to real rest, when I learned not only to relax my body, but also to give my mind a real break. Thanks to mindfulness techniques, I found an effective tool for improving my ability to concentrate. Thanks to the course, I gained practical skills that help me stay calmer in everyday life.\\\"<\\\/p>\",\"margin\":\"\",\"maxwidth\":\"large\"}}]},{\"type\":\"column\",\"props\":{\"image_position\":\"center-center\",\"order_first\":\"s\",\"position_sticky_breakpoint\":\"m\",\"style\":\"tile-default\",\"width_small\":\"1-2\"},\"children\":[{\"type\":\"headline\",\"props\":{\"block_align\":\"center\",\"content\":\"Pavel (MBSR 2023)\",\"link\":\"#\",\"maxwidth\":\"large\",\"title_element\":\"h3\"}},{\"type\":\"text\",\"props\":{\"block_align\":\"center\",\"column_breakpoint\":\"m\",\"content\":\"\n\n<p>\\\"The course showed me the incredible cleansing power of rest, when you actually let your brain rest instead of just bombarding it with less demanding stimuli. At the same time, the techniques I learned helped me train my concentration and overcome my eternal distraction more easily.\\\"<\\\/p>\",\"margin\":\"\",\"maxwidth\":\"large\"}}]}],\"props\":{\"column_gap\":\"collapse\",\"layout\":\"1-2,1-2\",\"margin_remove_top\":true,\"width\":\"large\"}},{\"type\":\"row\",\"children\":[{\"type\":\"column\",\"props\":{\"image_position\":\"center-center\",\"position_sticky_breakpoint\":\"m\",\"style\":\"tile-muted\",\"width_small\":\"1-2\"},\"children\":[{\"type\":\"headline\",\"props\":{\"block_align\":\"center\",\"content\":\"Petr (Webin\\u00e1\\u0159 2023)\",\"link\":\"#\",\"maxwidth\":\"large\",\"position\":\"relative\",\"position_z_index\":\"1\",\"title_element\":\"h3\"}},{\"type\":\"text\",\"props\":{\"block_align\":\"center\",\"column_breakpoint\":\"m\",\"content\":\"\n\n<p>\\\"At the mindfulness webinar, even without knowing the theory, I discovered that I intuitively apply some practices in my life, which pleased me. The most valuable part of the webinar was that I compared my thoughts and where I want to go next.\\\"<\\\/p>\",\"margin\":\"\",\"maxwidth\":\"large\",\"position\":\"relative\",\"position_z_index\":\"1\"}}]},{\"type\":\"column\",\"props\":{\"image_position\":\"center-center\",\"position_sticky_breakpoint\":\"m\",\"style\":\"tile-default\",\"width_small\":\"1-2\"},\"children\":[{\"type\":\"headline\",\"props\":{\"block_align\":\"center\",\"content\":\"Honza (MBSR 2023)\",\"link\":\"#\",\"maxwidth\":\"large\",\"position\":\"relative\",\"position_z_index\":\"1\",\"title_element\":\"h3\"}},{\"type\":\"text\",\"props\":{\"block_align\":\"center\",\"column_breakpoint\":\"m\",\"content\":\"\n\n<p>\\u201cThe mindfulness course was a breakthrough experience for me, providing me with a set of useful tools and techniques for managing stress. This course has become a cornerstone of my personal and professional equipment, and I am grateful to be able to apply these skills whenever and wherever I need to.\\u201d<\\\/p>\",\"margin\":\"\",\"maxwidth\":\"large\",\"position\":\"relative\",\"position_z_index\":\"1\"}}]}],\"props\":{\"column_gap\":\"collapse\",\"layout\":\"1-2,1-2\",\"margin\":\"large\",\"margin_remove_bottom\":true,\"width\":\"large\"}},{\"type\":\"row\",\"children\":[{\"type\":\"column\",\"props\":{\"image_position\":\"center-center\",\"position_sticky_breakpoint\":\"m\",\"style\":\"tile-muted\",\"width_small\":\"1-2\"},\"children\":[{\"type\":\"headline\",\"props\":{\"block_align\":\"center\",\"content\":\"Lenka (MBSR 2023)\",\"link\":\"#\",\"margin\":\"default\",\"maxwidth\":\"large\",\"title_element\":\"h3\"}},{\"type\":\"text\",\"props\":{\"block_align\":\"center\",\"column_breakpoint\":\"m\",\"content\":\"\n\n<p>\\\"The course opened my eyes to real rest, when I learned not only to relax my body, but also to give my mind a real break. Thanks to mindfulness techniques, I found an effective tool for improving my ability to concentrate. Thanks to the course, I gained practical skills that help me stay calmer in everyday life.\\\"<\\\/p>\",\"margin\":\"\",\"maxwidth\":\"large\"}}]},{\"type\":\"column\",\"props\":{\"image_position\":\"center-center\",\"order_first\":\"s\",\"position_sticky_breakpoint\":\"m\",\"style\":\"tile-default\",\"width_small\":\"1-2\"},\"children\":[{\"type\":\"headline\",\"props\":{\"block_align\":\"center\",\"content\":\"Alena (MBSR 2023)\",\"link\":\"#\",\"maxwidth\":\"large\",\"title_element\":\"h3\"}},{\"type\":\"text\",\"props\":{\"block_align\":\"center\",\"column_breakpoint\":\"m\",\"content\":\"\n\n<p>\\\"The course gave me a set of tools to handle not only challenging situations, which I will be able to use at any time in my life.\\\"<\\\/p>\",\"margin\":\"\",\"maxwidth\":\"large\"}}]}],\"props\":{\"column_gap\":\"collapse\",\"layout\":\"1-2,1-2\",\"margin_remove_top\":true,\"width\":\"large\"}}],\"name\":\"Hlavicka_14_9\"},{\"name\":\"Services\",\"type\":\"section\",\"props\":{\"animation\":\"slide-top-small\",\"header_overlay\":\"light\",\"height_viewport\":false,\"image_effect\":\"parallax\",\"image_parallax_easing\":\"1\",\"image_position\":\"bottom-left\",\"padding\":\"large\",\"padding_remove_top\":false,\"style\":\"default\",\"title_breakpoint\":\"xl\",\"title_position\":\"top-left\",\"title_rotation\":\"left\",\"vertical_align\":\"\",\"width\":\"expand\"},\"children\":[{\"type\":\"row\",\"children\":[{\"type\":\"column\",\"props\":{\"image_position\":\"center-center\",\"position_sticky_breakpoint\":\"m\"}}]}]},{\"type\":\"section\",\"props\":{\"image_position\":\"center-center\",\"style\":\"default\",\"title_breakpoint\":\"xl\",\"title_position\":\"top-left\",\"title_rotation\":\"left\",\"vertical_align\":\"middle\",\"width\":\"default\"},\"children\":[{\"type\":\"row\",\"children\":[{\"type\":\"column\",\"props\":{\"image_position\":\"center-center\",\"position_sticky_breakpoint\":\"m\"},\"children\":[{\"type\":\"headline\",\"props\":{\"content\":\"What else can you sign up for?\",\"text_align\":\"left\",\"title_element\":\"h3\"}},{\"type\":\"divider\",\"props\":{\"divider_element\":\"hr\"}},{\"name\":\"Panel Slider Card Default\",\"type\":\"panel-slider\",\"children\":[{\"type\":\"panel-slider_item\",\"props\":{\"image\":\"wp-content\\\/uploads\\\/2024\\\/05\\\/WhatsApp-Image-2024-03-22-at-18.22.47-1.jpeg\",\"link\":\"en\\\/courses-mbsr\\\/\",\"link_text\":\"More about course\",\"meta\":\"\\u0160\\u00e1rka Ka\\u0161parov\\u00e1 (Prostor 8, 19. 2. \\u2013 9. 4. 2025)\",\"title\":\"8-week MBSR course\"}},{\"type\":\"panel-slider_item\",\"props\":{\"image\":\"wp-content\\\/uploads\\\/2024\\\/09\\\/Snimek-obrazovky-2024-09-18-v-0.41.34.png\",\"link\":\"en\\\/mindfulness-five-day-silent-retreat\\\/\",\"link_text\":\"More about retreat\",\"meta\":\"\\u0160imon Grimmich and \\u0160\\u00e1rka Ka\\u0161parov\\u00e1 (Tun\\u011bchodsk\\u00fd ml\\u00fdn February 19 \\u2013 February 23, 2025)\",\"title\":\"Mindfulness five-day silent retreat\"}},{\"type\":\"panel-slider_item\",\"props\":{\"image\":\"wp-content\\\/uploads\\\/2024\\\/12\\\/AR_vikend-56-scaled.jpg\",\"link\":\"en\\\/online-courses-mbsr\\\/\",\"link_text\":\"More about course\",\"meta\":\"\\u0160\\u00e1rka Ka\\u0161parov\\u00e1 (Online, 17. 2. \\u2013 7. 4. 2025)\",\"title\":\"Online 8-week MBSR course\"}},{\"type\":\"panel-slider_item\",\"props\":{\"image\":\"wp-content\\\/uploads\\\/2024\\\/09\\\/WhatsApp-Image-2024-06-28-at-22.57.44.jpeg\",\"link\":\"en\\\/courses-mbsr-aj\\\/\",\"link_text\":\"More about course\",\"meta\":\"\\u0160imon Grimmich and \\u0160\\u00e1rka Ka\\u0161parov\\u00e1 (Avati, February 27 \\u2013 April 24, 2025)\",\"title\":\"8-week MBSR course (conducted in English)\"}},{\"type\":\"panel-slider_item\",\"props\":{\"image\":\"wp-content\\\/uploads\\\/2024\\\/12\\\/WhatsApp-Image-2024-05-05-at-13.26.45.jpeg\",\"link\":\"en\\\/mindfulness-weekly-retreat\\\/\",\"link_text\":\"More about retreat\",\"meta\":\"\\u0160imon Grimmich and \\u0160\\u00e1rka Ka\\u0161parov\\u00e1 (Tun\\u011bchodsk\\u00fd ml\\u00fdn June 22 \\u2013 June 26, 2025)\",\"title\":\"Mindfulness weekly silent retreat\"}},{\"type\":\"panel-slider_item\",\"props\":{\"image\":\"wp-content\\\/uploads\\\/2024\\\/09\\\/Snimek-obrazovky-2024-09-18-v-0.41.34.png\",\"link\":\"en\\\/embodiment-and-meditation-harmony-of-body-and-soul\\\/\",\"link_text\":\"More about reatreat\",\"meta\":\"\\u0160imon Grimmich and \\u0160\\u00e1rka Ka\\u0161parov\\u00e1 (Tun\\u011bchodsk\\u00fd ml\\u00fdn August 10 \\u2013 August 16, 2025)\",\"title\":\"Embodiment and mindfulness: Harmony of body and mind\"}}],\"props\":{\"container_padding_remove\":true,\"content_column_breakpoint\":\"m\",\"content_margin\":\"remove\",\"icon_width\":80,\"image_align\":\"top\",\"image_grid_breakpoint\":\"m\",\"image_grid_width\":\"1-2\",\"image_height\":\"600\",\"image_link\":true,\"image_svg_color\":\"emphasis\",\"image_transition\":\"scale-down\",\"image_width\":\"610\",\"link_size\":\"small\",\"link_style\":\"secondary\",\"link_text\":\"\",\"margin\":\"default\",\"meta_align\":\"below-title\",\"meta_element\":\"div\",\"meta_margin\":\"remove\",\"meta_style\":\"text-meta\",\"nav\":\"dotnav\",\"nav_align\":\"center\",\"nav_breakpoint\":\"\",\"nav_margin\":\"medium\",\"panel_card_offset\":true,\"panel_image_no_padding\":true,\"panel_link\":false,\"panel_match\":true,\"panel_padding\":\"small\",\"panel_style\":\"card-hover\",\"show_content\":true,\"show_image\":true,\"show_link\":true,\"show_meta\":true,\"show_title\":true,\"slidenav\":\"\",\"slidenav_breakpoint\":\"xl\",\"slidenav_margin\":\"medium\",\"slidenav_outside_breakpoint\":\"xl\",\"slider_autoplay\":true,\"slider_autoplay_interval\":\"7\",\"slider_autoplay_pause\":true,\"slider_center\":false,\"slider_gap\":\"default\",\"slider_width\":\"fixed\",\"slider_width_default\":\"1-1\",\"slider_width_medium\":\"1-3\",\"slider_width_small\":\"1-2\",\"title_align\":\"top\",\"title_element\":\"h3\",\"title_grid_breakpoint\":\"m\",\"title_grid_width\":\"1-2\",\"title_hover_style\":\"reset\",\"title_link\":true,\"title_margin\":\"remove\",\"title_style\":\"h4\"}}]}]}],\"name\":\"Carousel_all_courses_ENG312024\"},{\"type\":\"section\",\"props\":{\"image_position\":\"center-center\",\"padding\":\"large\",\"padding_remove_top\":true,\"style\":\"default\",\"title_breakpoint\":\"xl\",\"title_position\":\"top-left\",\"title_rotation\":\"left\",\"vertical_align\":\"\",\"width\":\"\"},\"children\":[{\"type\":\"row\",\"children\":[{\"type\":\"column\",\"props\":{\"image_position\":\"center-center\",\"position_sticky_breakpoint\":\"m\",\"width_medium\":\"2-5\"},\"children\":[{\"type\":\"panel\",\"props\":{\"content\":\"\n\n<p>A personal mindfulness consultation offers an individual approach to finding inner peace and balance. Together we will focus on techniques to help you manage stress, improve focus and deepen your awareness in everyday life.<\\\/p>\",\"content_column_breakpoint\":\"m\",\"icon_width\":80,\"image_align\":\"top\",\"image_grid_breakpoint\":\"m\",\"image_grid_width\":\"1-2\",\"image_svg_color\":\"emphasis\",\"link\":\"mailto:info@krajinatvojiduse.cz\",\"link_margin\":\"medium\",\"link_size\":\"large\",\"link_style\":\"secondary\",\"link_text\":\"Contact me\",\"margin\":\"default\",\"meta\":\"Personal consultation\",\"meta_align\":\"above-title\",\"meta_color\":\"primary\",\"meta_element\":\"div\",\"meta_style\":\"h6\",\"position\":\"relative\",\"position_z_index\":\"1\",\"text_align\":\"left\",\"text_align_breakpoint\":\"m\",\"text_align_fallback\":\"center\",\"title\":\"Are you interested in an individual approach?\",\"title_align\":\"top\",\"title_element\":\"h2\",\"title_grid_breakpoint\":\"m\",\"title_grid_width\":\"1-2\",\"title_hover_style\":\"reset\"}}]},{\"type\":\"column\",\"props\":{\"image_position\":\"center-center\",\"position_sticky_breakpoint\":\"m\",\"width_medium\":\"3-5\"},\"children\":[{\"type\":\"image\",\"props\":{\"container_padding_remove\":false,\"image\":\"wp-content\\\/uploads\\\/home-shape-04.svg\",\"image_height\":\"355\",\"image_svg_color\":\"\",\"image_svg_inline\":false,\"image_width\":\"510\",\"margin\":\"default\",\"position\":\"absolute\",\"position_bottom\":\"0\",\"position_left\":\"40\",\"text_align\":\"right\",\"visibility\":\"m\"}}]}],\"props\":{\"layout\":\"2-5,3-5\",\"width\":\"large\",\"width_expand\":\"right\"}}],\"name\":\"Personal_consultations\"}],\"version\":\"4.4.17\"} --><\/p>\n","protected":false},"excerpt":{"rendered":"<p>\u0160\u00e1rka Ka\u0161parov\u00e1 certified teacher of mindfulness courses (MBSR) References Cultivate kindness, mindfulness is a process of self-knowledge through gentle, compassionate attention. Veronika (MBSR 2024) &#8220;The course helped me and I would recommend it to everyone who sometimes has trouble stopping and taking a good look around. The course and a set of mindfulness techniques showed [&hellip;]<\/p>\n","protected":false},"author":1,"featured_media":0,"parent":0,"menu_order":0,"comment_status":"closed","ping_status":"closed","template":"","meta":{"footnotes":""},"class_list":["post-4848","page","type-page","status-publish","hentry"],"_links":{"self":[{"href":"https:\/\/www.krajinatvojiduse.cz\/en\/wp-json\/wp\/v2\/pages\/4848","targetHints":{"allow":["GET"]}}],"collection":[{"href":"https:\/\/www.krajinatvojiduse.cz\/en\/wp-json\/wp\/v2\/pages"}],"about":[{"href":"https:\/\/www.krajinatvojiduse.cz\/en\/wp-json\/wp\/v2\/types\/page"}],"author":[{"embeddable":true,"href":"https:\/\/www.krajinatvojiduse.cz\/en\/wp-json\/wp\/v2\/users\/1"}],"replies":[{"embeddable":true,"href":"https:\/\/www.krajinatvojiduse.cz\/en\/wp-json\/wp\/v2\/comments?post=4848"}],"version-history":[{"count":18,"href":"https:\/\/www.krajinatvojiduse.cz\/en\/wp-json\/wp\/v2\/pages\/4848\/revisions"}],"predecessor-version":[{"id":5947,"href":"https:\/\/www.krajinatvojiduse.cz\/en\/wp-json\/wp\/v2\/pages\/4848\/revisions\/5947"}],"wp:attachment":[{"href":"https:\/\/www.krajinatvojiduse.cz\/en\/wp-json\/wp\/v2\/media?parent=4848"}],"curies":[{"name":"wp","href":"https:\/\/api.w.org\/{rel}","templated":true}]}}